{"id":58,"date":"2023-11-28T13:20:14","date_gmt":"2023-11-28T13:20:14","guid":{"rendered":"https:\/\/wordpress.kendoclub-hannover.de\/?page_id=58"},"modified":"2026-03-02T10:00:22","modified_gmt":"2026-03-02T10:00:22","slug":"anfaengerkurs","status":"publish","type":"page","link":"https:\/\/kendoclub-hannover.de\/?page_id=58","title":{"rendered":"Anf\u00e4ngerkurs"},"content":{"rendered":"\n<p>Liebe Kendointeressierte,<br>wir starten wieder einen neuen Anf\u00e4ngerkurs!<\/p>\n\n\n\n<p><\/p>\n\n\n\n<p><strong>Datum<\/strong>: Start 27.04.2026 (6 Termine)<\/p>\n\n\n\n<p><strong>Uhrzeit<\/strong>: immer Montags, 19:30 Uhr \u2013 21:00 Uhr<\/p>\n\n\n\n<p><strong>Kosten<\/strong>: 60 Euro inklusive Shinai (Bambusschwert)<\/p>\n\n\n\n<p><strong>Ort<\/strong>:<br>unsere Montagshalle<br>Sporthalle der Anna-Siemsen-Schule (BBS 7)<br>Am Kleinen Felde<br>Eingang D, gegen\u00fcber dem Hofeingang zur Lutherschule<\/p>\n\n\n\n<p><\/p>\n\n\n\n<p><strong>Bitte au\u00dferdem mitbringen<\/strong>: Trainingshose, T-Shirt, etwas zu trinken und reichlich gute Laune!&nbsp;<\/p>\n\n\n\n<p><br><strong>Anmeldung:&nbsp;<\/strong>bitte an <em>anfaengerkurs@kendoclub-hannover.de<\/em><\/p>\n\n\n\n<p><strong>Anmeldeschluss ist der <\/strong>20.04.2026<\/p>\n\n\n\n<p>Infos f\u00fcr die Anmeldung:<\/p>\n\n\n\n<p>Name, Geburtsdatum, Geschlecht (m,w,d)<\/p>\n\n\n\n<p>Personenbezogenen Daten werden nur f\u00fcr die Anmeldung gespeichert da wir entsprechend passende Shinais bestellen werden. Nach dem Anf\u00e4ngerkurs werden diese selbstverst\u00e4ndlich gel\u00f6scht.<\/p>\n\n\n\n<p>Wir freuen uns auf Euch!<\/p>\n","protected":false},"excerpt":{"rendered":"<p>Liebe Kendointeressierte,wir starten wieder einen neuen Anf\u00e4ngerkurs! Datum: Start 27.04.2026 (6 Termine) Uhrzeit: immer Montags, 19:30 Uhr \u2013 21:00 Uhr Kosten: 60 Euro inklusive Shinai (Bambusschwert) Ort:unsere MontagshalleSporthalle der Anna-Siemsen-Schule (BBS 7)Am Kleinen FeldeEingang D, gegen\u00fcber dem Hofeingang zur Lutherschule Bitte au\u00dferdem mitbringen: Trainingshose, T-Shirt, etwas zu trinken und reichlich gute Laune!&nbsp; Anmeldung:&nbsp;bitte an anfaengerkurs@kendoclub-hannover.de &hellip; <\/p>\n<p class=\"link-more\"><a href=\"https:\/\/kendoclub-hannover.de\/?page_id=58\" class=\"more-link\"><span class=\"screen-reader-text\">\u201eAnf\u00e4ngerkurs\u201c <\/span>weiterlesen<\/a><\/p>\n","protected":false},"author":1,"featured_media":0,"parent":0,"menu_order":0,"comment_status":"closed","ping_status":"closed","template":"","meta":{"footnotes":""},"class_list":["post-58","page","type-page","status-publish","hentry"],"_links":{"self":[{"href":"https:\/\/kendoclub-hannover.de\/index.php?rest_route=\/wp\/v2\/pages\/58","targetHints":{"allow":["GET"]}}],"collection":[{"href":"https:\/\/kendoclub-hannover.de\/index.php?rest_route=\/wp\/v2\/pages"}],"about":[{"href":"https:\/\/kendoclub-hannover.de\/index.php?rest_route=\/wp\/v2\/types\/page"}],"author":[{"embeddable":true,"href":"https:\/\/kendoclub-hannover.de\/index.php?rest_route=\/wp\/v2\/users\/1"}],"replies":[{"embeddable":true,"href":"https:\/\/kendoclub-hannover.de\/index.php?rest_route=%2Fwp%2Fv2%2Fcomments&post=58"}],"version-history":[{"count":9,"href":"https:\/\/kendoclub-hannover.de\/index.php?rest_route=\/wp\/v2\/pages\/58\/revisions"}],"predecessor-version":[{"id":193,"href":"https:\/\/kendoclub-hannover.de\/index.php?rest_route=\/wp\/v2\/pages\/58\/revisions\/193"}],"wp:attachment":[{"href":"https:\/\/kendoclub-hannover.de\/index.php?rest_route=%2Fwp%2Fv2%2Fmedia&parent=58"}],"curies":[{"name":"wp","href":"https:\/\/api.w.org\/{rel}","templated":true}]}}